{"id":11,"date":"2022-08-07T13:05:08","date_gmt":"2022-08-07T13:05:08","guid":{"rendered":"https:\/\/aikaverlag.de\/cms\/?page_id=11"},"modified":"2025-05-08T12:22:03","modified_gmt":"2025-05-08T10:22:03","slug":"impressum","status":"publish","type":"page","link":"https:\/\/aikaverlag.de\/cms\/index.php\/impressum\/","title":{"rendered":"Impressum, Kontakt"},"content":{"rendered":"\n<p>Aika Verlag<br>Inhaberin Petra Aldinger-Seifried<br>Gr\u00fcneburgweg 118<br>60323 Frankfurt am Main<br>email: <a href=\"javascript:mdcr('nmZpjuanejtrjFcbxyj','')\">post@aikaverlag.de<\/a><br>Steuernr.: 49231782609<\/p>\n\n\n\n<p>Wir sind stets bem\u00fcht, auf dieser Webseite richtige und vollst\u00e4ndige Inhalte zur Verf\u00fcgung zu stellen. Wir \u00fcbernehmen keine Haftung oder Garantie f\u00fcr die Aktualit\u00e4t, Richtigkeit oder Vollst\u00e4ndigkeit der auf dieser Webseite bereitgestellten Informationen. Dies gilt auch f\u00fcr Inhalte von Webseiten, die mittels Links erreicht werden k\u00f6nnen. Der Inhalt dieser Webseite ist urheberrechtlich gesch\u00fctzt. Eine Verwendung ohne schriftliche Genehmigung ist nicht erlaubt.<\/p>\n\n\n\n<figure class=\"wp-block-table\"><table><tbody><tr><td>Gestaltung:<\/td><td>&nbsp;<\/td><td>coico Grafikdesign, Gaby Jungkeit, <a href=\"http:\/\/www.coico.de\/\" target=\"_blank\" rel=\"noreferrer noopener\">www.coico.de<\/a><\/td><\/tr><tr><td>Realisierung:<\/td><td>&nbsp;<\/td><td>fantasticweb new media GmbH, <a href=\"http:\/\/www.fantasticweb.de\/\" target=\"_blank\" rel=\"noreferrer noopener\">www.fantasticweb.de<\/a><\/td><\/tr><\/tbody><\/table><\/figure>\n\n\n\n<p><\/p>\n","protected":false},"excerpt":{"rendered":"<p>Aika VerlagInhaberin Petra Aldinger-SeifriedGr\u00fcneburgweg 11860323 Frankfurt am Mainemail: post@aikaverlag.deSteuernr.: 49231782609 Wir sind stets bem\u00fcht, auf dieser Webseite richtige und vollst\u00e4ndige Inhalte zur Verf\u00fcgung zu stellen. Wir \u00fcbernehmen keine Haftung oder Garantie f\u00fcr die Aktualit\u00e4t, Richtigkeit oder Vollst\u00e4ndigkeit der auf dieser &hellip; <a href=\"https:\/\/aikaverlag.de\/cms\/index.php\/impressum\/\">Weiterlesen <span class=\"meta-nav\">&rarr;<\/span><\/a><\/p>\n","protected":false},"author":1,"featured_media":0,"parent":0,"menu_order":0,"comment_status":"closed","ping_status":"closed","template":"","meta":{"footnotes":""},"class_list":["post-11","page","type-page","status-publish","hentry"],"_links":{"self":[{"href":"https:\/\/aikaverlag.de\/cms\/index.php\/wp-json\/wp\/v2\/pages\/11","targetHints":{"allow":["GET"]}}],"collection":[{"href":"https:\/\/aikaverlag.de\/cms\/index.php\/wp-json\/wp\/v2\/pages"}],"about":[{"href":"https:\/\/aikaverlag.de\/cms\/index.php\/wp-json\/wp\/v2\/types\/page"}],"author":[{"embeddable":true,"href":"https:\/\/aikaverlag.de\/cms\/index.php\/wp-json\/wp\/v2\/users\/1"}],"replies":[{"embeddable":true,"href":"https:\/\/aikaverlag.de\/cms\/index.php\/wp-json\/wp\/v2\/comments?post=11"}],"version-history":[{"count":7,"href":"https:\/\/aikaverlag.de\/cms\/index.php\/wp-json\/wp\/v2\/pages\/11\/revisions"}],"predecessor-version":[{"id":122,"href":"https:\/\/aikaverlag.de\/cms\/index.php\/wp-json\/wp\/v2\/pages\/11\/revisions\/122"}],"wp:attachment":[{"href":"https:\/\/aikaverlag.de\/cms\/index.php\/wp-json\/wp\/v2\/media?parent=11"}],"curies":[{"name":"wp","href":"https:\/\/api.w.org\/{rel}","templated":true}]}}