{"id":14,"date":"2022-08-07T13:07:02","date_gmt":"2022-08-07T13:07:02","guid":{"rendered":"https:\/\/aikaverlag.de\/cms\/?page_id=14"},"modified":"2022-08-07T16:39:00","modified_gmt":"2022-08-07T14:39:00","slug":"verlag","status":"publish","type":"page","link":"https:\/\/aikaverlag.de\/cms\/index.php\/verlag\/","title":{"rendered":"Verlag"},"content":{"rendered":"\n<p>Der Aika Verlag ist ein junger Verlag aus Frankfurt am Main, der sich auf die Herausgabe von B\u00fcchern zur Lebenshilfe spezialisiert hat.<\/p>\n\n\n\n<p>Das erste Buch aus unserem Programm ist Petra Aldinger-Seifrieds Erstlingswerk &#8222;Labyrinth zum Ziel&#8220;. Weitere Informationen zu den bei uns erschienen Produkten erhalten Sie <a href=\"https:\/\/aikaverlag.de\/cms\/index.php\/buecher-und-cds\/\" data-type=\"page\" data-id=\"19\">hier<\/a>.<\/p>\n\n\n\n<figure class=\"wp-block-image size-full is-style-default\"><img loading=\"lazy\" decoding=\"async\" width=\"280\" height=\"340\" src=\"https:\/\/aikaverlag.de\/cms\/wp-content\/uploads\/2022\/08\/buch_labyrinth_gross.jpg\" alt=\"Labyrinth zum Ziel\" class=\"wp-image-73\" srcset=\"https:\/\/aikaverlag.de\/cms\/wp-content\/uploads\/2022\/08\/buch_labyrinth_gross.jpg 280w, https:\/\/aikaverlag.de\/cms\/wp-content\/uploads\/2022\/08\/buch_labyrinth_gross-247x300.jpg 247w\" sizes=\"auto, (max-width: 280px) 100vw, 280px\" \/><\/figure>\n\n\n\n<p>Weiterhin hat die Inhaberin des Verlages im Frankfurter Westend die &#8222;Friedensquelle&#8220; er\u00f6ffnet. Einen Ort, der Raum f\u00fcr Begegnungen mit Menschen bietet, die sich in einer friedvollen und freundlichen Umgebung ihrer geistigen und k\u00f6rperlichen Entwicklung widmen. Weitere Informationen zu den Angeboten finden Sie unter <a href=\"http:\/\/www.friedensquelle.org\" target=\"_blank\" rel=\"noreferrer noopener\">www.friedensquelle.org<\/a><\/p>\n","protected":false},"excerpt":{"rendered":"<p>Der Aika Verlag ist ein junger Verlag aus Frankfurt am Main, der sich auf die Herausgabe von B\u00fcchern zur Lebenshilfe spezialisiert hat. Das erste Buch aus unserem Programm ist Petra Aldinger-Seifrieds Erstlingswerk &#8222;Labyrinth zum Ziel&#8220;. Weitere Informationen zu den bei &hellip; <a href=\"https:\/\/aikaverlag.de\/cms\/index.php\/verlag\/\">Weiterlesen <span class=\"meta-nav\">&rarr;<\/span><\/a><\/p>\n","protected":false},"author":1,"featured_media":0,"parent":0,"menu_order":0,"comment_status":"closed","ping_status":"closed","template":"","meta":{"footnotes":""},"class_list":["post-14","page","type-page","status-publish","hentry"],"_links":{"self":[{"href":"https:\/\/aikaverlag.de\/cms\/index.php\/wp-json\/wp\/v2\/pages\/14","targetHints":{"allow":["GET"]}}],"collection":[{"href":"https:\/\/aikaverlag.de\/cms\/index.php\/wp-json\/wp\/v2\/pages"}],"about":[{"href":"https:\/\/aikaverlag.de\/cms\/index.php\/wp-json\/wp\/v2\/types\/page"}],"author":[{"embeddable":true,"href":"https:\/\/aikaverlag.de\/cms\/index.php\/wp-json\/wp\/v2\/users\/1"}],"replies":[{"embeddable":true,"href":"https:\/\/aikaverlag.de\/cms\/index.php\/wp-json\/wp\/v2\/comments?post=14"}],"version-history":[{"count":4,"href":"https:\/\/aikaverlag.de\/cms\/index.php\/wp-json\/wp\/v2\/pages\/14\/revisions"}],"predecessor-version":[{"id":81,"href":"https:\/\/aikaverlag.de\/cms\/index.php\/wp-json\/wp\/v2\/pages\/14\/revisions\/81"}],"wp:attachment":[{"href":"https:\/\/aikaverlag.de\/cms\/index.php\/wp-json\/wp\/v2\/media?parent=14"}],"curies":[{"name":"wp","href":"https:\/\/api.w.org\/{rel}","templated":true}]}}