{"id":16,"date":"2022-08-07T13:08:32","date_gmt":"2022-08-07T13:08:32","guid":{"rendered":"https:\/\/aikaverlag.de\/cms\/?page_id=16"},"modified":"2022-08-07T13:09:12","modified_gmt":"2022-08-07T13:09:12","slug":"agb-widerrufsbelehrung","status":"publish","type":"page","link":"https:\/\/aikaverlag.de\/cms\/index.php\/agb-widerrufsbelehrung\/","title":{"rendered":"AGB, Widerrufsbelehrung"},"content":{"rendered":"\n<p><strong>Allgemeine Gesch\u00e4ftsbedingungen<\/strong><\/p>\n\n\n\n<p><br>1.&nbsp;&nbsp; &nbsp;Geltungsbereich F\u00fcr alle Lieferungen von Aika Verlag, Inhaberin Petra Maria Aldinger-Seifried,&nbsp; (nachfolgend Verk\u00e4ufer) an Verbraucher (nachfolgend Kunde) gelten diese Allgemeinen Gesch\u00e4ftsbedingungen (AGB).<br>Davon abweichende Bedingungen des Kunden erkennt der Verk\u00e4ufer nicht an, es sei denn, der Verk\u00e4ufer h\u00e4tte ihrer Geltung zugestimmt.<br>Verbraucher ist jede nat\u00fcrliche Person, die ein Rechtsgesch\u00e4ft zu einem Zwecke abschlie\u00dft, der \u00fcberwiegend weder ihrer gewerblichen noch ihrer selbstst\u00e4ndigen beruflichen T\u00e4tigkeit zugerechnet werden kann.<\/p>\n\n\n\n<p>2.&nbsp;&nbsp; &nbsp;Vertragspartner<br>Der Vertrag kommt zustande mit<\/p>\n\n\n\n<p>Aika Verlag<br>Inhaberin: Petra Aldinger Seifried,<br>Gr\u00fcneburgweg 118, 60323 Frankfurt am Main.<\/p>\n\n\n\n<p>3.&nbsp;&nbsp; &nbsp;Vertragsschluss<\/p>\n\n\n\n<p>3.1.&nbsp;&nbsp; &nbsp;Die Darstellung der Produkte im Online-Shop stellt kein rechtlich bindendes Angebot, sondern nur eine Aufforderung zur Bestellung dar.<br>3.2.&nbsp;&nbsp; &nbsp;Durch Absenden des ausgef\u00fcllten Bestellformulars, dass wir Ihnen auf unserer Homepage zur Verf\u00fcgung stellen, geben Sie eine verbindliche Bestellung der auf der Bestellseite aufgelisteten Waren ab. Ihr Kaufvertrag kommt zustande, wenn wir Ihre Bestellung durch eine Auftragsbest\u00e4tigung per E-Mail unmittelbar nach dem Erhalt Ihrer Bestellung annehmen.<\/p>\n\n\n\n<p>4.&nbsp;&nbsp; &nbsp;Widerrufsrecht<\/p>\n\n\n\n<p>Bei Vertr\u00e4gen \u00fcber die Lieferung von Waren steht dem Kunden folgendes Widerrufsrecht zu:<\/p>\n\n\n\n<p><strong>&#8212;&#8212;- WIDERRUFSBELEHRUNG &#8212;&#8212;&#8211;<\/strong><\/p>\n\n\n\n<p><br>Widerrufsrecht Sie haben das Recht binnen vierzehn Tagen ohne Angabe von Gr\u00fcnden diesen Vertrag zu widerrufen.<br>Die Widerrufsfrist betr\u00e4gt vierzehn Tage ab dem Tag<br>&#8211; an dem Sie oder ein von Ihnen benannter Dritter, der nicht der Bef\u00f6rderer ist, die Waren in Besitz genommen haben bzw. hat, wenn Sie eine Ware oder mehrere Waren im Rahmen einer einheitlichen Bestellung bestellt haben und die Ware bzw. Waren einheitlich geliefert wird bzw. werden;<br>&#8211; an dem Sie oder ein von Ihnen benannter Dritter, der nicht der Bef\u00f6rderer ist, die letzte Ware in Besitz genommen haben bzw. hat, wenn Sie mehrere Waren im Rahmen einer einheitlichen Bestellung bestellt haben und die Waren getrennt geliefert werden;<br>&#8211; an dem Sie oder ein von Ihnen benannter Dritter, der nicht der Bef\u00f6rderer ist, die letzte Teilsendung oder das letzte St\u00fcck in Besitz genommen haben bzw. hat, wenn Sie eine Ware bestellt haben, die in mehreren Teilsendungen oder St\u00fccken geliefert wird; Wenn mehrere der vorstehenden Alternativen vorliegen, beginnt die Widerrufsfrist erst zu laufen, wenn Sie oder ein von Ihnen benannter Dritter, der nicht Bef\u00f6rderer ist, die letzte Ware oder die letzte Teilsendung bzw. das letzte St\u00fcck in Besitz genommen haben bzw. hat. Um Ihr Widerrufsrecht auszu\u00fcben, m\u00fcssen Sie uns<\/p>\n\n\n\n<p>Aika Verlag<br>Inhaberin: Petra Aldinger Seifried,<br>Gr\u00fcneburgweg 118, 60323 Frankfurt am Main<br>E-Mail Adresse: <a href=\"javascript:mdcr('hgZjdouhydnldFwvrsd','')\">post@aikaverlag.de<\/a><\/p>\n\n\n\n<p>mittels einer eindeutigen Erkl\u00e4rung (z.B. ein mit der Post versandter Brief oder eine E-Mail) \u00fcber Ihren Entschluss, diesen Vertrag zu widerrufen, informieren. Sie k\u00f6nnen daf\u00fcr das beigef\u00fcgte Muster-Widerrufsformular verwenden, das jedoch nicht vorgeschrieben ist. Zur Wahrung der Widerrufsfrist reicht es aus, dass Sie die Mitteilung \u00fcber die Aus\u00fcbung des Widerrufsrechts vor Ablauf der Widerrufsfrist absenden. Folgen des Widerrufs Wenn Sie diesen Vertrag widerrufen, haben wir Ihnen alle Zahlungen, die wir von Ihnen erhalten haben, einschlie\u00dflich der Lieferkosten (mit Ausnahme der zus\u00e4tzlichen Kosten, die sich daraus ergeben, dass Sie eine andere Art der Lieferung als die von uns angebotene, g\u00fcnstigste Standardlieferung gew\u00e4hlt haben), unverz\u00fcglich und sp\u00e4testens binnen vierzehn Tagen ab dem Tag zur\u00fcckzuzahlen, an dem die Mitteilung \u00fcber Ihren Widerruf dieses Vertrags bei uns eingegangen ist. F\u00fcr diese R\u00fcckzahlung verwenden wir dasselbe Zahlungsmittel, das Sie bei der urspr\u00fcnglichen Transaktion eingesetzt haben, es sei denn, mit Ihnen wurde ausdr\u00fccklich etwas anderes vereinbart; in keinem Fall werden Ihnen wegen dieser R\u00fcckzahlung Entgelte berechnet. Wir k\u00f6nnen die R\u00fcckzahlung verweigern, bis wir die Waren wieder zur\u00fcckerhalten haben oder bis Sie den Nachweis erbracht haben, dass Sie die Waren zur\u00fcckgesandt haben, je nachdem, welches der fr\u00fchere Zeitpunkt ist. Sie haben die Waren unverz\u00fcglich und in jedem Fall sp\u00e4testens binnen vierzehn Tagen ab dem Tag, an dem Sie uns \u00fcber den Widerruf dieses Vertrags unterrichten, an uns zur\u00fcckzusenden oder zu \u00fcbergeben. Die Frist ist gewahrt, wenn Sie die Waren vor Ablauf der Frist von vierzehn Tagen absenden. Die Kosten der R\u00fccksendung der Ware tragen Sie. Sie m\u00fcssen f\u00fcr einen etwaigen Wertverlust der Waren nur aufkommen, wenn dieser Wertverlust auf einen zur Pr\u00fcfung der Beschaffenheit, Eigenschaften und Funktionsweise der Waren nicht notwendigen Umgang mit ihnen zur\u00fcckzuf\u00fchren ist. Muster-Widerrufsformular Wenn Sie den Vertrag widerrufen wollen, dann f\u00fcllen Sie bitte dieses Formular aus und senden Sie es zur\u00fcck an:<\/p>\n\n\n\n<p>Aika Verlag<br>Inhaberin: Petra Aldinger Seifried,<br>Gr\u00fcneburgweg 118, 60323 Frankfurt am Main.<br>E-Mail Adresse: <a href=\"javascript:mdcr('mlZoitzmdisqiFbawxi','')\">post@aikaverlag.de<\/a><\/p>\n\n\n\n<p>Hiermit widerrufe(n) ich\/wir (*) den von mir\/uns (*) abgeschlossenen Vertrag \u00fcber den Kauf der folgenden Waren (*) Bestellt am (*)\/erhalten am (*) Name des\/der Verbraucher(s) Anschrift des\/der Verbraucher(s) Unterschrift des\/der Verbraucher(s) (nur bei Mitteilung auf Papier) Datum ___________________ (*) Unzutreffendes streichen.<\/p>\n\n\n\n<p><strong>&#8212;&#8212;&#8211;ENDE DER WIDERRUFSBELEHRUNG&#8212;&#8211;<\/strong><\/p>\n\n\n\n<p><br>5.&nbsp;&nbsp; &nbsp;Preise und Versandkosten<\/p>\n\n\n\n<p>5.1.&nbsp;&nbsp; &nbsp;Die auf den Produktseiten genannten Preise enthalten die gesetzliche Mehrwertsteuer und sonstige Preisbestandteile.<br>5.2.&nbsp;&nbsp; &nbsp;Zus\u00e4tzlich zu den angegebenen Preisen berechnen wir f\u00fcr die Lieferung innerhalb Deutschlands Versandkosten. Die H\u00f6he der anfallenden Versandkosten wird Ihnen auf dem Bestellformular und\/oder in unserer E-Mail, mit dem wir dem Eingang Ihrer Bestellung best\u00e4tigen, nochmals deutlich mitgeteilt.<\/p>\n\n\n\n<p>6.&nbsp;&nbsp; &nbsp;Lieferung<\/p>\n\n\n\n<p>6.1.&nbsp;&nbsp; &nbsp;Die Lieferung erfolgt nur innerhalb Deutschlands mit DHL.<br>6.2.&nbsp;&nbsp; &nbsp;Die Lieferzeit betr\u00e4gt bis zu 3 Tage. Auf eventuell abweichende Lieferzeiten weisen wir auf der jeweiligen Produktseite hin.<br>7.&nbsp;&nbsp; &nbsp;Zahlung und Rechnungsversand<br>7.1.&nbsp;&nbsp; &nbsp;Die Zahlung erfolgt ausschlie\u00dflich per Vorkasse.<br>7.2.&nbsp;&nbsp; &nbsp;Bei Auswahl der Zahlungsart Vorkasse nennen wir Ihnen unsere Bankverbindung in der Best\u00e4tigungs- E-Mail und liefern die Ware nach Zahlungseingang.<br>7.3.&nbsp;&nbsp; &nbsp;Der Versand der Rechnung zu der Bestellung des Kunden erfolgt nur per E-Mail.<\/p>\n\n\n\n<p><br>8.&nbsp;&nbsp; &nbsp;Gew\u00e4hrleistung und Haftung<\/p>\n\n\n\n<p>8.1&nbsp;&nbsp; &nbsp;Dem Kunden stehen die gesetzlichen Gew\u00e4hrleistungsanspr\u00fcche zu.<\/p>\n\n\n\n<p>8.2&nbsp;&nbsp; &nbsp;Anspr\u00fcche des Kunden auf Schadenersatz sind ausgeschlossen. Hiervon ausgenommen sind Schadenersatzanspr\u00fcche des Kunden aus der Verletzung des Lebens, des K\u00f6rpers, der Gesundheit oder aus der Verletzung wesentlicher Vertragspflichten (Kardinalpflichten) sowie die Haftung f\u00fcr sonstige Sch\u00e4den, die auf einer vors\u00e4tzlichen oder grob fahrl\u00e4ssigen Pflichtverletzung des Verk\u00e4ufers, seiner gesetzlichen Vertreter oder Erf\u00fcllungsgehilfen beruhen. Wesentliche Vertragspflichten sind solche, deren Erf\u00fcllung die ordnungsgem\u00e4\u00dfe Durchf\u00fchrung des Vertrags \u00fcberhaupt erst erm\u00f6glicht und auf deren Einhaltung der Kunde regelm\u00e4\u00dfig vertrauen darf.<\/p>\n\n\n\n<p>8.3&nbsp;&nbsp; &nbsp;Bei der Verletzung wesentlicher Vertragspflichten haftet der Verk\u00e4ufer nur auf den vertragstypischen, vorhersehbaren Schaden, wenn dieser einfach fahrl\u00e4ssig verursacht wurde, es sei denn, es handelt sich um Schadenersatzanspr\u00fcche des Kunden aus einer Verletzung des Lebens, des K\u00f6rpers oder der Gesundheit.<\/p>\n\n\n\n<p>8.4&nbsp;&nbsp; &nbsp;Die Einschr\u00e4nkungen der Abs\u00e4tze 2 und 3 gelten auch zugunsten der gesetzlichen Vertreter und Erf\u00fcllungsgehilfen des Verk\u00e4ufers, wenn Anspr\u00fcche direkt gegen diese geltend gemacht werden.<\/p>\n\n\n\n<p>8.5&nbsp;&nbsp; &nbsp;Die Vorschriften des Produkthaftungsgesetzes bleiben unber\u00fchrt, ebenso eventuelle Anspr\u00fcche aus einer durch den Verk\u00e4ufer oder einen Dritten \u00fcbernommenen Garantie f\u00fcr die Beschaffenheit der Sache oder daf\u00fcr, dass die Sache f\u00fcr eine bestimmte Dauer eine bestimmte Beschaffenheit beh\u00e4lt.<\/p>\n\n\n\n<p><br>9.&nbsp;&nbsp; &nbsp;Eigentumsvorbehalt<br>Bis zur vollst\u00e4ndigen Zahlung bleibt die Ware unser Eigentum.<\/p>\n\n\n\n<p>10.&nbsp;&nbsp; &nbsp;Sonstiges<\/p>\n\n\n\n<p>Dieser Vertrag und die gesamten Rechtsbeziehungen der Parteien unterliegen dem Recht der Bundesrepublik Deutschland unter Ausschluss des UN-Kaufrechts (CISG).<\/p>\n\n\n\n<p>Sollten einzelne Bestimmungen dieses Vertrages unwirksam sein oder werden oder eine L\u00fccke enthalten, so bleiben die \u00fcbrigen Bestimmungen hiervon unber\u00fchrt.<\/p>\n\n\n\n<p><br>11.&nbsp;&nbsp; &nbsp;Streitbeilegung<br>Die EU-Kommission hat eine Internetplattform zur Online-Beilegung von Streitigkeiten geschaffen. Die Plattform dient als Anlaufstelle zur au\u00dfergerichtlichen Beilegung von Streitigkeiten betreffend vertragliche Verpflichtungen, die aus Online-Kaufvertr\u00e4gen erwachsen.&nbsp;N\u00e4here Informationen sind unter dem folgenden Link verf\u00fcgbar: http:\/\/ec.europa.eu\/consumers\/odr.&nbsp; Zur Teilnahme an einem Streitbeilegungsverfahren vor einer Verbraucherschlichtungsstelle sind wir weder bereit noch verpflichtet.<\/p>\n","protected":false},"excerpt":{"rendered":"<p>Allgemeine Gesch\u00e4ftsbedingungen 1.&nbsp;&nbsp; &nbsp;Geltungsbereich F\u00fcr alle Lieferungen von Aika Verlag, Inhaberin Petra Maria Aldinger-Seifried,&nbsp; (nachfolgend Verk\u00e4ufer) an Verbraucher (nachfolgend Kunde) gelten diese Allgemeinen Gesch\u00e4ftsbedingungen (AGB).Davon abweichende Bedingungen des Kunden erkennt der Verk\u00e4ufer nicht an, es sei denn, der Verk\u00e4ufer h\u00e4tte &hellip; <a href=\"https:\/\/aikaverlag.de\/cms\/index.php\/agb-widerrufsbelehrung\/\">Weiterlesen <span class=\"meta-nav\">&rarr;<\/span><\/a><\/p>\n","protected":false},"author":1,"featured_media":0,"parent":0,"menu_order":0,"comment_status":"closed","ping_status":"closed","template":"","meta":{"footnotes":""},"class_list":["post-16","page","type-page","status-publish","hentry"],"_links":{"self":[{"href":"https:\/\/aikaverlag.de\/cms\/index.php\/wp-json\/wp\/v2\/pages\/16","targetHints":{"allow":["GET"]}}],"collection":[{"href":"https:\/\/aikaverlag.de\/cms\/index.php\/wp-json\/wp\/v2\/pages"}],"about":[{"href":"https:\/\/aikaverlag.de\/cms\/index.php\/wp-json\/wp\/v2\/types\/page"}],"author":[{"embeddable":true,"href":"https:\/\/aikaverlag.de\/cms\/index.php\/wp-json\/wp\/v2\/users\/1"}],"replies":[{"embeddable":true,"href":"https:\/\/aikaverlag.de\/cms\/index.php\/wp-json\/wp\/v2\/comments?post=16"}],"version-history":[{"count":2,"href":"https:\/\/aikaverlag.de\/cms\/index.php\/wp-json\/wp\/v2\/pages\/16\/revisions"}],"predecessor-version":[{"id":18,"href":"https:\/\/aikaverlag.de\/cms\/index.php\/wp-json\/wp\/v2\/pages\/16\/revisions\/18"}],"wp:attachment":[{"href":"https:\/\/aikaverlag.de\/cms\/index.php\/wp-json\/wp\/v2\/media?parent=16"}],"curies":[{"name":"wp","href":"https:\/\/api.w.org\/{rel}","templated":true}]}}