{"id":3,"date":"2022-07-24T11:22:04","date_gmt":"2022-07-24T11:22:04","guid":{"rendered":"https:\/\/aikaverlag.de\/cms\/?page_id=3"},"modified":"2022-08-07T13:04:23","modified_gmt":"2022-08-07T13:04:23","slug":"privacy-policy","status":"publish","type":"page","link":"https:\/\/aikaverlag.de\/cms\/index.php\/privacy-policy\/","title":{"rendered":"Datenschutzerkl\u00e4rung"},"content":{"rendered":"\n<p><br>In dieser Datenschutzerkl\u00e4rung informieren wir Sie \u00fcber die Verarbeitung personenbezogener Daten bei der Nutzung dieser Website.<\/p>\n\n\n\n<p>I.&nbsp;&nbsp; &nbsp; Name und Anschrift des Verantwortlichen<\/p>\n\n\n\n<p>Verantwortlich f\u00fcr die Datenverarbeitung ist<br>Petra Aldinger Seifried, Gr\u00fcneburgweg 118, 60323 Frankfurt am Main<br>E-Mail: post@aikaverlag.de<\/p>\n\n\n\n<p>II.&nbsp;&nbsp; &nbsp;Allgemeines zur Datenverarbeitung<\/p>\n\n\n\n<p>1.&nbsp;&nbsp; &nbsp;Umfang der Verarbeitung personenbezogener Daten<br>Wir verarbeiten personenbezogene Daten unserer Nutzer grunds\u00e4tzlich nur, soweit dies zur Bereitstellung einer funktionsf\u00e4higen Website sowie unserer Inhalte und Leistungen erforderlich ist. Die Verarbeitung personenbezogener Daten unserer Nutzer erfolgt regelm\u00e4\u00dfig nur nach Einwilligung des Nutzers. Eine Ausnahme gilt in solchen F\u00e4llen, in denen eine vorherige Einholung einer Einwilligung aus tats\u00e4chlichen Gr\u00fcnden nicht m\u00f6glich ist und die Verarbeitung der Daten durch gesetzliche Vorschriften gestattet ist.<\/p>\n\n\n\n<p>2.&nbsp;&nbsp; &nbsp;Rechtsgrundlage f\u00fcr die Verarbeitung personenbezogener Daten<\/p>\n\n\n\n<p>Soweit wir f\u00fcr Verarbeitungsvorg\u00e4nge personenbezogener Daten eine Einwilligung der betroffenen Person einholen, dient Art.&nbsp;6 Abs.&nbsp;1 lit.&nbsp;a EU-Datenschutzgrundverordnung (DSGVO) als Rechtsgrundlage.<br>Bei der Verarbeitung von personenbezogenen Daten, die zur Erf\u00fcllung eines Vertrages, dessen Vertragspartei die betroffene Person ist, erforderlich ist, dient Art.&nbsp;6 Abs.&nbsp;1 lit.&nbsp;b DSGVO als Rechtsgrundlage. Dies gilt auch f\u00fcr Verarbeitungsvorg\u00e4nge, die zur Durchf\u00fchrung vorvertraglicher Ma\u00dfnahmen erforderlich sind.<br>Soweit eine Verarbeitung personenbezogener Daten zur Erf\u00fcllung einer rechtlichen Verpflichtung erforderlich ist, der unser Unternehmen unterliegt, dient Art.&nbsp;6 Abs.&nbsp;1 lit.&nbsp;c DSGVO als Rechtsgrundlage.<br>F\u00fcr den Fall, dass lebenswichtige Interessen der betroffenen Person oder einer anderen nat\u00fcrlichen Person eine Verarbeitung personenbezogener Daten erforderlich machen, dient Art.&nbsp;6 Abs.&nbsp;1 lit.&nbsp;d DSGVO als Rechtsgrundlage.<br>Ist die Verarbeitung zur Wahrung eines berechtigten Interesses unseres Unternehmens oder eines Dritten erforderlich und \u00fcberwiegen die Interessen, Grundrechte und Grundfreiheiten des Betroffenen das erstgenannte Interesse nicht, so dient Art.&nbsp;6 Abs.&nbsp;1 lit.&nbsp;f DSGVO als Rechtsgrundlage f\u00fcr die Verarbeitung.<\/p>\n\n\n\n<p>3.&nbsp;&nbsp; &nbsp;Datenl\u00f6schung und Speicherdauer<\/p>\n\n\n\n<p>Die personenbezogenen Daten der betroffenen Person werden gel\u00f6scht oder gesperrt, sobald der Zweck der Speicherung entf\u00e4llt. Ob dieses der Fall ist, \u00fcberpr\u00fcfen wir in der Regel mindestens in j\u00e4hrlichem Abstand. Eine Speicherung kann dar\u00fcber hinaus erfolgen, wenn dies durch oder aufgrund von Gesetzen oder sonstigen Vorschriften vorgeschrieben wird. Eine Sperrung oder L\u00f6schung der Daten erfolgt auch dann, wenn eine durch die anwendbaren Normen vorgeschriebene Speicherfrist abl\u00e4uft, es sei denn, dass eine Erforderlichkeit zur weiteren Speicherung der Daten f\u00fcr einen Vertragsabschluss oder eine Vertragserf\u00fcllung besteht.<\/p>\n\n\n\n<p>III.&nbsp;&nbsp; &nbsp;Beschreibung und Umfang der Datenverarbeitung<\/p>\n\n\n\n<p>Bei jedem Aufruf unserer Internetseite erfasst unser System automatisiert Daten und Informationen vom Computersystem des aufrufenden Rechners.<\/p>\n\n\n\n<p>Folgende Daten werden hierbei erhoben:<br>\u2022&nbsp;&nbsp; &nbsp;IP-Adresse<br>\u2022&nbsp;&nbsp; &nbsp;Datum und Uhrzeit der Anfrage<br>\u2022&nbsp;&nbsp; &nbsp;abgerufene Datei<br>\u2022&nbsp;&nbsp; &nbsp;jeweils \u00fcbertragene Datenmenge<br>\u2022&nbsp;&nbsp; &nbsp;die Website, von der die Anforderung kommt<br>\u2022&nbsp;&nbsp; &nbsp;Browsertyp und Browserversion<br>\u2022&nbsp;&nbsp; &nbsp;Betriebssystem<\/p>\n\n\n\n<p>Die Daten werden direkt anonym abgespeichert. eine Speicherung dieser Daten zusammen mit anderen personenbezogenen Daten des Nutzers findet nicht statt.<\/p>\n\n\n\n<p>1.&nbsp;&nbsp; &nbsp;Rechtsgrundlage f\u00fcr die Datenverarbeitung<\/p>\n\n\n\n<p>Rechtsgrundlage f\u00fcr die vor\u00fcbergehende Speicherung der Daten ist Art. 6 Abs. 1 lit. f) DSGVO.<\/p>\n\n\n\n<p>2.&nbsp;&nbsp; &nbsp;Zweck der Datenverarbeitung<\/p>\n\n\n\n<p>Die vor\u00fcbergehende Speicherung der IP-Adresse durch das System ist notwendig, um eine Auslieferung der Website an den Rechner des Nutzers zu erm\u00f6glichen. Hierf\u00fcr muss die IP-Adresse des Nutzers f\u00fcr die Dauer der Sitzung gespeichert bleiben. &nbsp;Zudem dienen uns die Daten zur Optimierung der Website und zur Sicherstellung der Sicherheit unserer informationstechnischen Systeme bzw. derjenigen unseres Webhosts. Eine Auswertung der Daten zu Marketingzwecken findet in diesem Zusammenhang nicht statt.<br>In diesen Zwecken liegt auch unser berechtigtes Interesse an der Datenverarbeitung nach Art.&nbsp;6 Abs.&nbsp;1 lit.&nbsp;f) DSGVO.<\/p>\n\n\n\n<p>3.&nbsp;&nbsp; &nbsp;Dauer der Speicherung<br>Die Daten werden gel\u00f6scht, sobald sie f\u00fcr die Erreichung des Zweckes ihrer Erhebung nicht mehr erforderlich sind. Im Falle der Erfassung der Daten zur Bereitstellung der Website ist dies der Fall, wenn die jeweilige Sitzung beendet ist.<\/p>\n\n\n\n<p>4.&nbsp;&nbsp; &nbsp;Widerspruchs- und Beseitigungsm\u00f6glichkeit<br>Die Erfassung der Daten zur Bereitstellung der Website und die Speicherung der Daten in Logfiles ist f\u00fcr den Betrieb der Internetseite zwingend erforderlich. Es besteht folglich seitens des Nutzers keine Widerspruchsm\u00f6glichkeit.<\/p>\n\n\n\n<p>IV.&nbsp;&nbsp; &nbsp;Verwendung von Cookies<\/p>\n\n\n\n<p>Unsere Webseite verwendet ausschlie\u00dflich technisch notwendige Cookies (\u201eSession Cookies\u201c).&nbsp; Diese dienen nicht der Identifikation des Nutzers, sondern stellen lediglich einen Sitzungsbezeichner (Session-ID) dar und dienen dazu, mehrere Anfragen des Nutzers auf einer Seite dessen Sitzung zuzuordnen.<br>Bei diesen technisch notwendigen Cookies erfolgt jedoch keine dauerhafte Speicherung auf dem Rechner des Nutzers. Diese Cookies werden nach Verlassen unserer Homepage umgehend gel\u00f6scht. &nbsp;<br>Der Zweck der Verwendung technisch notwendiger Cookies ist, die Nutzung von Websites f\u00fcr die Nutzer zu vereinfachen. Einige Funktionen unserer Internetseite k\u00f6nnen ohne den Einsatz von Cookies nicht angeboten werden. F\u00fcr diese ist es erforderlich, dass der Browser auch nach einem Seitenwechsel wiedererkannt wird.<br>Die durch technisch notwendige Cookies erhobenen Nutzerdaten werden nicht zur Erstellung von Nutzerprofilen verwendet.<br>In diesen Zwecken liegt auch unser berechtigtes Interesse in der Verarbeitung der personenbezogenen Daten nach Art.&nbsp;6 Abs.&nbsp;1 lit.&nbsp;f DSGVO.<\/p>\n\n\n\n<p>V.&nbsp;&nbsp; &nbsp;Kontaktformular und E-Mail-Kontakt<\/p>\n\n\n\n<p>1.&nbsp;&nbsp; &nbsp;Beschreibung und Umfang der Datenverarbeitung<\/p>\n\n\n\n<p>Auf unserer Internetseite ist ein Kontaktformular vorhanden, welches f\u00fcr die elektronische Kontaktaufnahme genutzt werden kann. Nimmt ein Nutzer diese M\u00f6glichkeit wahr, so werden die in der Eingabemaske eingegeben Daten an uns \u00fcbermittelt und gespeichert. Diese Daten sind:<br>\u2022&nbsp;&nbsp; &nbsp;Name,<br>\u2022&nbsp;&nbsp; &nbsp;E-Mail-Adresse,<br>\u2022&nbsp;&nbsp; &nbsp;Nachricht an uns.<\/p>\n\n\n\n<p>Im Zeitpunkt der Absendung der Nachricht werden zudem folgende Daten gespeichert:<br>\u2022&nbsp;&nbsp; &nbsp;IP-Adresse des Nutzers<br>\u2022&nbsp;&nbsp; &nbsp;Datum und Uhrzeit des Zugriffs auf die Internetseite.<\/p>\n\n\n\n<p>F\u00fcr die Verarbeitung der Daten wird im Rahmen des Absendevorgangs der Nachricht die Einwilligung des Nutzers eingeholt. Ferner wird auf diese Datenschutzerkl\u00e4rung verwiesen.<br>Alternativ ist eine Kontaktaufnahme \u00fcber die ver\u00f6ffentlichte E-Mail-Adresse m\u00f6glich. In diesem Fall werden die mit der E-Mail \u00fcbermittelten personenbezogenen Daten des Nutzers gespeichert.<br>Es erfolgt in diesem Zusammenhang keine Weitergabe der Daten an Dritte. Die Daten werden ausschlie\u00dflich f\u00fcr die Verarbeitung der jeweiligen Anfrage verwendet.<\/p>\n\n\n\n<p>2.&nbsp;&nbsp; &nbsp;Rechtsgrundlage f\u00fcr die Datenverarbeitung<br>Rechtsgrundlage f\u00fcr die Verarbeitung der Daten ist bei Vorliegen einer Einwilligung des Nutzers Art.&nbsp;6 Abs.&nbsp;1 lit.&nbsp;a) DSGVO.&nbsp;Rechtsgrundlage f\u00fcr die Verarbeitung der Daten, die im Zuge einer \u00dcbersendung einer E-Mail \u00fcbermittelt werden, ist Art.&nbsp;6 Abs.&nbsp;1 lit.&nbsp;f) DSGVO. Zielt der E-Mail-Kontakt auf den Abschluss eines Vertrages ab, so ist zus\u00e4tzliche Rechtsgrundlage f\u00fcr die Verarbeitung Art.&nbsp;6 Abs.&nbsp;1 lit.&nbsp;b) DSGVO.<\/p>\n\n\n\n<p>3.&nbsp;&nbsp; &nbsp;Zweck der Datenverarbeitung<br>Die Verarbeitung der personenbezogenen Daten aus der Eingabemaske dient uns allein zur Bearbeitung der Kontaktaufnahme. Im Falle einer Kontaktaufnahme per E-Mail liegt hieran auch das erforderliche berechtigte Interesse an der Verarbeitung der Daten. Die sonstigen w\u00e4hrend des Absendevorgangs verarbeiteten personenbezogenen Daten dienen dazu, einen Missbrauch des Kontaktformulars zu verhindern und die Sicherheit unserer informationstechnischen Systeme sicherzustellen.<\/p>\n\n\n\n<p>4.&nbsp;&nbsp; &nbsp;Dauer der Speicherung<br>Die Daten werden gel\u00f6scht, sobald sie f\u00fcr die Erreichung des Zweckes ihrer Erhebung nicht mehr erforderlich sind und zu diesem Zeitpunkt kein neuer Zweck begr\u00fcndet wurde. F\u00fcr die personenbezogenen Daten aus der Eingabemaske des Kontaktformulars und diejenigen, die per E-Mail \u00fcbersandt wurden, ist dies dann der Fall, wenn die jeweilige Konversation mit dem Nutzer beendet ist. Beendet ist die Konversation dann, wenn sich aus den Umst\u00e4nden entnehmen l\u00e4sst, dass der betroffene Sachverhalt abschlie\u00dfend gekl\u00e4rt ist. Wir behalten uns allerdings stets vor, die Daten so lange zu speichern, wie dies f\u00fcr gesetzliche Zwecke oder zur Wahrung unserer berechtigten Interessen (Geltendmachung, Aus\u00fcbung oder Verteidigung von Rechtsanspr\u00fcchen) erforderlich ist.<\/p>\n\n\n\n<p>5.&nbsp;&nbsp; &nbsp;Widerspruchs- und Beseitigungsm\u00f6glichkeit<br>Sie haben jederzeit die M\u00f6glichkeit, Ihre Einwilligung zur Verarbeitung der personenbezogenen Daten zu widerrufen. Nehmen Sie per E-Mail Kontakt mit uns auf, so k\u00f6nnen Sie der Speicherung Ihrer personenbezogenen Daten jederzeit mittels einer formlosen Nachricht widersprechen. In einem solchen Fall kann die Konversation nicht fortgef\u00fchrt werden. Alle personenbezogenen Daten, die im Zuge der Kontaktaufnahme gespeichert wurden, werden in diesem Fall gel\u00f6scht.<\/p>\n\n\n\n<p>VI.&nbsp;&nbsp; &nbsp;Ihre Rechte<\/p>\n\n\n\n<p>Werden personenbezogene Daten von Ihnen verarbeitet, sind Sie Betroffener i.S.d. DSGVO und es stehen Ihnen folgende Rechte gegen\u00fcber dem Verantwortlichen zu:<\/p>\n\n\n\n<p>\u2022&nbsp;&nbsp; &nbsp;gem\u00e4\u00df Art.&nbsp;15 DSGVO Auskunft \u00fcber Ihre von uns verarbeiteten personenbezogenen Daten zu verlangen. Insbesondere k\u00f6nnen Sie Auskunft \u00fcber die Verarbeitungszwecke, die Kategorie der personenbezogenen Daten, die Kategorien von Empf\u00e4ngern, gegen\u00fcber denen Ihre Daten offengelegt wurden oder werden, die geplante Speicherdauer, das Bestehen eines Rechts auf Berichtigung, L\u00f6schung, Einschr\u00e4nkung der Verarbeitung oder Widerspruch, das Bestehen eines Beschwerderechts, die Herkunft ihrer Daten, sofern diese nicht bei uns erhoben wurden, sowie \u00fcber \u2022das Bestehen einer automatisierten Entscheidungsfindung einschlie\u00dflich Profiling und ggf. aussagekr\u00e4ftigen Informationen zu deren Einzelheiten verlangen;<br>\u2022&nbsp;&nbsp; &nbsp;gem\u00e4\u00df Art.&nbsp;16 DSGVO unverz\u00fcglich die Berichtigung unrichtiger oder Vervollst\u00e4ndigung Ihrer bei uns gespeicherten personenbezogenen Daten zu verlangen;<br>\u2022&nbsp;&nbsp; &nbsp;gem\u00e4\u00df Art.&nbsp;17 DSGVO die L\u00f6schung Ihrer bei uns gespeicherten personenbezogenen Daten zu verlangen, soweit nicht die Verarbeitung zur Aus\u00fcbung des Rechts auf freie Meinungs\u00e4u\u00dferung und Information, zur Erf\u00fcllung einer rechtlichen Verpflichtung, aus Gr\u00fcnden des \u00f6ffentlichen Interesses oder zur Geltendmachung, Aus\u00fcbung oder Verteidigung von Rechtsanspr\u00fcchen erforderlich ist;<br>\u2022&nbsp;&nbsp; &nbsp;gem\u00e4\u00df Art.&nbsp;18 DSGVO die Einschr\u00e4nkung der Verarbeitung Ihrer personenbezogenen Daten zu verlangen, soweit die Richtigkeit der Daten von Ihnen bestritten wird, die Verarbeitung unrechtm\u00e4\u00dfig ist, Sie aber deren L\u00f6schung ablehnen und wir die Daten nicht mehr ben\u00f6tigen, Sie jedoch diese zur Geltendmachung, Aus\u00fcbung oder Verteidigung von Rechtsanspr\u00fcchen ben\u00f6tigen oder Sie gem\u00e4\u00df Art.&nbsp;21 DSGVO Widerspruch gegen die Verarbeitung eingelegt haben;<br>\u2022&nbsp;&nbsp; &nbsp;gem\u00e4\u00df Art.&nbsp;20 DSGVO Ihre personenbezogenen Daten, die Sie uns bereitgestellt haben, in einem strukturierten, g\u00e4ngigen und maschinenlesebaren Format zu erhalten oder die \u00dcbermittlung an einen anderen Verantwortlichen zu verlangen;<br>\u2022&nbsp;&nbsp; &nbsp;gem\u00e4\u00df Art.&nbsp;7 Abs.&nbsp;3 DSGVO Ihre einmal erteilte Einwilligung jederzeit gegen\u00fcber uns zu widerrufen. Dies hat zur Folge, dass wir die Datenverarbeitung, die auf dieser Einwilligung beruhte, f\u00fcr die Zukunft nicht mehr fortf\u00fchren d\u00fcrfen und<br>\u2022&nbsp;&nbsp; &nbsp;gem\u00e4\u00df Art.&nbsp;77 DSGVO sich bei einer Aufsichtsbeh\u00f6rde zu beschweren. In der Regel k\u00f6nnen Sie sich hierf\u00fcr an die Aufsichtsbeh\u00f6rde Ihres \u00fcblichen Aufenthaltsortes oder Arbeitsplatzes oder unseres Kanzleisitzes wenden.<\/p>\n\n\n\n<p><br>Widerspruchsrecht<\/p>\n\n\n\n<p>Sofern Ihre personenbezogenen Daten auf Grundlage von berechtigten Interessen gem\u00e4\u00df Art.\u00a06 Abs.\u00a01 S.\u00a01 lit.\u00a0f DSGVO verarbeitet werden, haben Sie das Recht, gem\u00e4\u00df Art.\u00a021 DSGVO Widerspruch gegen die Verarbeitung Ihrer personenbezogenen Daten einzulegen, soweit daf\u00fcr Gr\u00fcnde vorliegen, die sich aus Ihrer besonderen Situation ergeben oder sich der Widerspruch gegen Direktwerbung richtet. Im letzteren Fall haben Sie ein generelles Widerspruchsrecht, das ohne Angabe einer besonderen Situation von uns umgesetzt wird.<br>M\u00f6chten Sie von Ihrem Widerrufs- oder Widerspruchsrecht Gebrauch machen, gen\u00fcgt eine E-Mail an post@aikaverlag.de<\/p>\n\n\n\n<p>Datensicherheit<\/p>\n\n\n\n<p>Wir bedienen uns im \u00dcbrigen geeigneter technischer und organisatorischer Sicherheitsma\u00dfnahmen, um Ihre Daten gegen zuf\u00e4llige oder vors\u00e4tzliche Manipulationen, teilweisen oder vollst\u00e4ndigen Verlust, Zerst\u00f6rung oder gegen den unbefugten Zugriff Dritter zu sch\u00fctzen. Unsere Sicherheitsma\u00dfnahmen werden entsprechend der technologischen Entwicklung fortlaufend verbessert.<\/p>\n\n\n\n<p>VII.&nbsp;&nbsp; &nbsp;Aktualit\u00e4t und \u00c4nderung dieser Datenschutzerkl\u00e4rung<\/p>\n\n\n\n<p>Diese Datenschutzerkl\u00e4rung ist aktuell g\u00fcltig und hat den Stand 07.2021<\/p>\n","protected":false},"excerpt":{"rendered":"<p>In dieser Datenschutzerkl\u00e4rung informieren wir Sie \u00fcber die Verarbeitung personenbezogener Daten bei der Nutzung dieser Website. I.&nbsp;&nbsp; &nbsp; Name und Anschrift des Verantwortlichen Verantwortlich f\u00fcr die Datenverarbeitung istPetra Aldinger Seifried, Gr\u00fcneburgweg 118, 60323 Frankfurt am MainE-Mail: post@aikaverlag.de II.&nbsp;&nbsp; &nbsp;Allgemeines zur &hellip; <a href=\"https:\/\/aikaverlag.de\/cms\/index.php\/privacy-policy\/\">Weiterlesen <span class=\"meta-nav\">&rarr;<\/span><\/a><\/p>\n","protected":false},"author":1,"featured_media":0,"parent":0,"menu_order":0,"comment_status":"closed","ping_status":"open","template":"","meta":{"footnotes":""},"class_list":["post-3","page","type-page","status-publish","hentry"],"_links":{"self":[{"href":"https:\/\/aikaverlag.de\/cms\/index.php\/wp-json\/wp\/v2\/pages\/3","targetHints":{"allow":["GET"]}}],"collection":[{"href":"https:\/\/aikaverlag.de\/cms\/index.php\/wp-json\/wp\/v2\/pages"}],"about":[{"href":"https:\/\/aikaverlag.de\/cms\/index.php\/wp-json\/wp\/v2\/types\/page"}],"author":[{"embeddable":true,"href":"https:\/\/aikaverlag.de\/cms\/index.php\/wp-json\/wp\/v2\/users\/1"}],"replies":[{"embeddable":true,"href":"https:\/\/aikaverlag.de\/cms\/index.php\/wp-json\/wp\/v2\/comments?post=3"}],"version-history":[{"count":2,"href":"https:\/\/aikaverlag.de\/cms\/index.php\/wp-json\/wp\/v2\/pages\/3\/revisions"}],"predecessor-version":[{"id":10,"href":"https:\/\/aikaverlag.de\/cms\/index.php\/wp-json\/wp\/v2\/pages\/3\/revisions\/10"}],"wp:attachment":[{"href":"https:\/\/aikaverlag.de\/cms\/index.php\/wp-json\/wp\/v2\/media?parent=3"}],"curies":[{"name":"wp","href":"https:\/\/api.w.org\/{rel}","templated":true}]}}